{"id":1188,"date":"2021-03-31T13:46:41","date_gmt":"2021-03-31T11:46:41","guid":{"rendered":"https:\/\/przedszkolestawiski.pl\/?page_id=1188"},"modified":"2025-03-28T15:55:37","modified_gmt":"2025-03-28T14:55:37","slug":"deklaracja-dostepnosci","status":"publish","type":"page","link":"https:\/\/przedszkolestawiski.pl\/?page_id=1188","title":{"rendered":"Deklaracja dost\u0119pno\u015bci strony internetowej Miejskiego Przedszkola w Stawiskach"},"content":{"rendered":"<p style=\"text-align: center;\"><img loading=\"lazy\" decoding=\"async\" class=\"aligncenter wp-image-1251\" src=\"https:\/\/przedszkolestawiski.pl\/wp-content\/uploads\/2021\/03\/dostepnosc-800x224.jpg\" alt=\"Obrazek dekoracyjny kategorii dost\u0119pno\u015b\u0107\" width=\"1200\" height=\"336\" srcset=\"https:\/\/przedszkolestawiski.pl\/wp-content\/uploads\/2021\/03\/dostepnosc-800x224.jpg 800w, https:\/\/przedszkolestawiski.pl\/wp-content\/uploads\/2021\/03\/dostepnosc-1024x287.jpg 1024w, https:\/\/przedszkolestawiski.pl\/wp-content\/uploads\/2021\/03\/dostepnosc-768x215.jpg 768w, https:\/\/przedszkolestawiski.pl\/wp-content\/uploads\/2021\/03\/dostepnosc-1140x319.jpg 1140w, https:\/\/przedszkolestawiski.pl\/wp-content\/uploads\/2021\/03\/dostepnosc.jpg 1500w\" sizes=\"auto, (max-width: 1200px) 100vw, 1200px\" \/><\/p>\n<h1 style=\"text-align: center;\">Deklaracja dost\u0119pno\u015bci<\/h1>\n<section id=\"a11y-wstep\"><span id=\"a11y-podmiot\">Miejskie Przedszkole w Stawiskach<\/span> zobowi\u0105zuje si\u0119 zapewni\u0107 dost\u0119pno\u015b\u0107 swojej <span id=\"a11y-zakres\">strony internetowej<\/span> zgodnie z ustaw\u0105 z dnia 4 kwietnia 2019 r. o dost\u0119pno\u015bci cyfrowej stron internetowych i aplikacji mobilnych podmiot\u00f3w publicznych. Deklaracja dost\u0119pno\u015bci dotyczy strony <a id=\"a11y-url\" href=\"https:\/\/przedszkolestawiski.pl\">przedszkolestawiski.pl<\/a>.<\/section>\n<ul>\n<li style=\"list-style-type: none;\">\n<ul>\n<li>Data publikacji strony internetowej: <time id=\"a11y-data-publikacja\" datetime=\"2020-09-01\">1 wrze\u015bnia 2020 r.<\/time><\/li>\n<li>Data ostatniej istotnej aktualizacji: <time id=\"a11y-data-aktualizacja\" datetime=\"2021-06-06\">10 marca 2021 r.<\/time><\/li>\n<\/ul>\n<\/li>\n<\/ul>\n<h2>Stan dost\u0119pno\u015bci cyfrowej<\/h2>\n<p id=\"a11y-status\">Ta strona internetowa jest cz\u0119\u015bciowo zgodna z za\u0142\u0105cznikiem do ustawy o dost\u0119pno\u015bci cyfrowej z dnia 4 kwietnia 2019 r. o dost\u0119pno\u015bci cyfrowej stron internetowych i aplikacji mobilnych podmiot\u00f3w publicznych z powodu niezgodno\u015bci i wy\u0142\u0105cze\u0144 wymienionych poni\u017cej.<\/p>\n<h2>Niedost\u0119pne tre\u015bci<\/h2>\n<h3>Niezgodno\u015b\u0107 z za\u0142\u0105cznikiem<\/h3>\n<ul>\n<li>W cz\u0119\u015bci film\u00f3w nie ma napis\u00f3w;<\/li>\n<\/ul>\n<h3>Tre\u015bci nieobj\u0119te przepisami<\/h3>\n<ul>\n<li>Zamieszczone na stronie informacje publiczne, w postaci za\u0142\u0105cznik\u00f3w s\u0105 w formie skan\u00f3w (z uwagi na charakter informacji publicznej) lub nie s\u0105 wykorzystywane do realizacji bie\u017c\u0105cych zada\u0144 przedszkola.<\/li>\n<\/ul>\n<section id=\"a11y-architektura\">\n<h3>Dost\u0119pno\u015b\u0107 architektoniczna<\/h3>\n<h4>Miejskie Przedszkole w Stawiskach &#8211; ul. Cedrowska 1<\/h4>\n<p>Budynek Miejskiego Przedszkola w Stawiskach nie ma wydzielonego miejsca parkingowego dla os\u00f3b niepe\u0142nosprawnych, brak windy\/podjazdu dla os\u00f3b na w\u00f3zkach. Jest jedno wej\u015bcie g\u0142\u00f3wne od strony ulicy.<\/p>\n<\/section>\n<section id=\"a11y-komunikacja\">\n<h3>Dost\u0119pno\u015b\u0107 komunikacyjno-informacyjna<\/h3>\n<p>W budynku nie ma: p\u0119tli indukcyjnych, oznacze\u0144 w alfabecie Braille\u2019a, oznacze\u0144 kontrastowych lub w druku powi\u0119kszonym dla os\u00f3b niewidomych i s\u0142abowidz\u0105cych.<\/p>\n<\/section>\n<h2>Informacje zwrotne i dane kontaktowe<\/h2>\n<p>Wszystkie problemy z dost\u0119pno\u015bci\u0105 cyfrow\u0105 tej strony internetowej mo\u017cesz zg\u0142osi\u0107 do <span id=\"a11y-kontakt\">Jaros\u0142awa Laskowskiego<\/span> &#8211; mejlowo <a id=\"a11y-email\" href=\"mailto:poczta@przedszkolestawiski.pl\">poczta@przedszkolestawiski.pl<\/a> lub telefonicznie <a id=\"a11y-telefon\" href=\"tel:+48862785651\">(86) 278-56-51<\/a>.<\/p>\n<p>Ka\u017cdy ma prawo wyst\u0105pi\u0107 z \u017c\u0105daniem zapewnienia dost\u0119pno\u015bci cyfrowej tej strony internetowej lub jej element\u00f3w.<\/p>\n<p>Zg\u0142aszaj\u0105c takie \u017c\u0105danie podaj:<\/p>\n<ul>\n<li>swoje imi\u0119 i nazwisko,<\/li>\n<li>swoje dane kontaktowe (np. numer telefonu, e-mail),<\/li>\n<li>dok\u0142adny adres strony internetowej, na kt\u00f3rej jest niedost\u0119pny cyfrowo element lub tre\u015b\u0107,<\/li>\n<li>opis na czym polega problem i jaki spos\u00f3b jego rozwi\u0105zania by\u0142by dla Ciebie najwygodniejszy.<\/li>\n<\/ul>\n<p>Na Twoje zg\u0142oszenie odpowiemy najszybciej jak to mo\u017cliwe, nie p\u00f3\u017aniej ni\u017c w ci\u0105gu 7 dni od jego otrzymania.<\/p>\n<p>Je\u017celi ten termin b\u0119dzie dla nas zbyt kr\u00f3tki poinformujemy Ci\u0119 o tym. W tej informacji podamy nowy termin, do kt\u00f3rego poprawimy zg\u0142oszone przez Ciebie b\u0142\u0119dy lub przygotujemy informacje w alternatywny spos\u00f3b. Ten nowy termin nie b\u0119dzie d\u0142u\u017cszy ni\u017c 2 miesi\u0105ce.<\/p>\n<p>Je\u017celi nie b\u0119dziemy w stanie zapewni\u0107 dost\u0119pno\u015bci cyfrowej strony internetowej lub tre\u015bci, wskazanej w Twoim \u017c\u0105daniu, zaproponujemy Ci dost\u0119p do nich w alternatywny spos\u00f3b.<\/p>\n<section id=\"a11y-procedura\">\n<h3>Obs\u0142uga wniosk\u00f3w i skarg zwi\u0105zanych z dost\u0119pno\u015bci\u0105<\/h3>\n<p>Je\u017celi w odpowiedzi na Tw\u00f3j wniosek o zapewnienie dost\u0119pno\u015bci cyfrowej, odm\u00f3wimy zapewnienia \u017c\u0105danej przez Ciebie dost\u0119pno\u015bci cyfrowej, a Ty nie zgadzasz si\u0119 z t\u0105 odmow\u0105, masz prawo z\u0142o\u017cy\u0107 skarg\u0119.<\/p>\n<p>Skarg\u0119 masz prawo z\u0142o\u017cy\u0107 tak\u017ce, je\u015bli nie zgadzasz si\u0119 na skorzystanie z alternatywnego sposobu dost\u0119pu, kt\u00f3ry zaproponowali\u015bmy Ci w odpowiedzi na Tw\u00f3j wniosek o zapewnienie dost\u0119pno\u015bci cyfrowej.<\/p>\n<p>Ewentualn\u0105 skarg\u0119 z\u0142\u00f3\u017c listownie lub mejlowo do kierownictwa naszego przedszkola:<\/p>\n<ul>\n<li>Iwona Bogda\u0144ska &#8211; Dyrektor,<\/li>\n<li>Adres: ul. Cedrowska 1, 18-520 Stawiski,<\/li>\n<li>mejl: <a href=\"mailto:poczta@przedszkolestawiski.pl\"> poczta@przedszkolestawiski.pl<\/a>.<\/li>\n<\/ul>\n<p><a href=\"https:\/\/www.gov.pl\/web\/gov\/zloz-wniosek-o-zapewnieniedostepnosci- cyfrowej-strony-internetowej-lub-aplikacji-mobilnej\">Pomocne mog\u0105 by\u0107 informacje, kt\u00f3re mo\u017cna znale\u017a\u0107 na rz\u0105dowym portalu gov.pl<\/a>.<\/p>\n<p>Mo\u017cesz tak\u017ce poinformowa\u0107 o tej sytuacji <a href=\"https:\/\/bip.brpo.gov.pl\/\"> Rzecznika Praw Obywatelskich<\/a> i poprosi\u0107 o interwencj\u0119 w Twojej sprawie.<\/p>\n<\/section>\n<h3>Przygotowanie deklaracji dost\u0119pno\u015bci i jej aktualizacja<\/h3>\n<ul>\n<li>Data sporz\u0105dzenia deklaracji: <time id=\"a11y-data-sporzadzenie\" datetime=\"2020-09-21\">21 wrze\u015bnia 2020 roku.<\/time><\/li>\n<li>Data ostatniego przegl\u0105du deklaracji: <time id=\"a11y-dataprzeglad\" datetime=\"2025-03-28\">28 marca 2025 roku.<\/time><\/li>\n<\/ul>\n<p>Deklaracj\u0119 sporz\u0105dzili\u015bmy na podstawie samooceny.<\/p>\n","protected":false},"excerpt":{"rendered":"<p>Deklaracja dost\u0119pno\u015bci Miejskie Przedszkole w Stawiskach zobowi\u0105zuje si\u0119 zapewni\u0107 dost\u0119pno\u015b\u0107 swojej strony internetowej zgodnie z ustaw\u0105 z dnia 4 kwietnia 2019 r. o dost\u0119pno\u015bci cyfrowej&hellip;<\/p>\n","protected":false},"author":1,"featured_media":0,"parent":0,"menu_order":0,"comment_status":"closed","ping_status":"closed","template":"","meta":{"ngg_post_thumbnail":0,"footnotes":""},"class_list":["post-1188","page","type-page","status-publish","hentry"],"_links":{"self":[{"href":"https:\/\/przedszkolestawiski.pl\/index.php?rest_route=\/wp\/v2\/pages\/1188","targetHints":{"allow":["GET"]}}],"collection":[{"href":"https:\/\/przedszkolestawiski.pl\/index.php?rest_route=\/wp\/v2\/pages"}],"about":[{"href":"https:\/\/przedszkolestawiski.pl\/index.php?rest_route=\/wp\/v2\/types\/page"}],"author":[{"embeddable":true,"href":"https:\/\/przedszkolestawiski.pl\/index.php?rest_route=\/wp\/v2\/users\/1"}],"replies":[{"embeddable":true,"href":"https:\/\/przedszkolestawiski.pl\/index.php?rest_route=%2Fwp%2Fv2%2Fcomments&post=1188"}],"version-history":[{"count":30,"href":"https:\/\/przedszkolestawiski.pl\/index.php?rest_route=\/wp\/v2\/pages\/1188\/revisions"}],"predecessor-version":[{"id":3213,"href":"https:\/\/przedszkolestawiski.pl\/index.php?rest_route=\/wp\/v2\/pages\/1188\/revisions\/3213"}],"wp:attachment":[{"href":"https:\/\/przedszkolestawiski.pl\/index.php?rest_route=%2Fwp%2Fv2%2Fmedia&parent=1188"}],"curies":[{"name":"wp","href":"https:\/\/api.w.org\/{rel}","templated":true}]}}